{"id":136,"date":"2019-01-09T17:37:08","date_gmt":"2019-01-09T20:37:08","guid":{"rendered":"https:\/\/proxton.com.br\/Emagrecimento\/?page_id=136"},"modified":"2019-01-09T17:37:08","modified_gmt":"2019-01-09T20:37:08","slug":"arquivos","status":"publish","type":"page","link":"https:\/\/proxton.com.br\/Emagrecimento\/arquivos\/","title":{"rendered":"Arquivos"},"content":{"rendered":"<ul id=\"smart-archives-block\">\n\t<li>\n\t\t<strong><a href=\"https:\/\/proxton.com.br\/Emagrecimento\/2019\/\">2019<\/a><\/strong>:\n\t\t\t<a  href=\"https:\/\/proxton.com.br\/Emagrecimento\/2019\/01\/\">jan<\/a>\t\t<a  href=\"https:\/\/proxton.com.br\/Emagrecimento\/2019\/02\/\">fev<\/a>\t\t\t<span class=\"empty-month\">mar<\/span>\t\t<span class=\"empty-month\">abr<\/span>\t\t<span class=\"empty-month\">maio<\/span>\t\t<span class=\"empty-month\">jun<\/span>\t\t<span class=\"empty-month\">jul<\/span>\t\t<span class=\"empty-month\">ago<\/span>\t\t<span class=\"empty-month\">set<\/span>\t\t<span class=\"empty-month\">out<\/span>\t\t<span class=\"empty-month\">nov<\/span>\t\t<span class=\"empty-month\">dez<\/span>\n\t<\/li>\n\t<li>\n\t\t<strong><a href=\"https:\/\/proxton.com.br\/Emagrecimento\/2018\/\">2018<\/a><\/strong>:\n\t\t\t\t<span class=\"empty-month\">jan<\/span>\t\t<span class=\"empty-month\">fev<\/span>\t\t<span class=\"empty-month\">mar<\/span>\t\t<span class=\"empty-month\">abr<\/span>\t\t<span class=\"empty-month\">maio<\/span>\t\t<span class=\"empty-month\">jun<\/span>\t\t<span class=\"empty-month\">jul<\/span>\t\t<span class=\"empty-month\">ago<\/span>\t\t<span class=\"empty-month\">set<\/span>\t\t<span class=\"empty-month\">out<\/span>\t\t<span class=\"empty-month\">nov<\/span>\t<a  href=\"https:\/\/proxton.com.br\/Emagrecimento\/2018\/12\/\">dez<\/a>\t\n\t<\/li>\n<\/ul>\n<div id=\"smart-archives-list\">\n\t<h2 id=\"20192\"><a href=\"https:\/\/proxton.com.br\/Emagrecimento\/2019\/02\/\">fevereiro 2019<\/a><\/h2>\n\t<ul class=\"archive-list\">\n\t\t<li><a href=\"https:\/\/proxton.com.br\/Emagrecimento\/dieta-dos-pontos\/\">Como funciona a Dieta dos Pontos<\/a><\/li>\n<li><a href=\"https:\/\/proxton.com.br\/Emagrecimento\/dicas-de-como-perder-barriga\/\">Confira 5 Dicas de como Perder Barriga<\/a><\/li>\n<li><a href=\"https:\/\/proxton.com.br\/Emagrecimento\/dieta-low-carb\/\">Dieta Low Carb: o que voc\u00ea precisa saber antes de iniciar<\/a><\/li>\n<li><a href=\"https:\/\/proxton.com.br\/Emagrecimento\/jejum-intermitente-e-emagrecimento\/\">Veja o que \u00e9 Jejum Intermitente e sua rela\u00e7\u00e3o com emagrecimento<\/a><\/li>\n\n\t<\/ul>\n\t<h2 id=\"20191\"><a href=\"https:\/\/proxton.com.br\/Emagrecimento\/2019\/01\/\">janeiro 2019<\/a><\/h2>\n\t<ul class=\"archive-list\">\n\t\t<li><a href=\"https:\/\/proxton.com.br\/Emagrecimento\/voce-ja-sabe-quais-sao-os-beneficios-da-perda-de-peso\/\">Voc\u00ea j\u00e1 sabe quais s\u00e3o os benef\u00edcios da perda de peso?<\/a><\/li>\n<li><a href=\"https:\/\/proxton.com.br\/Emagrecimento\/12-dicas-simples-para-emagrecer-com-saude\/\">12 Dicas Simples para Emagrecer com Sa\u00fade<\/a><\/li>\n<li><a href=\"https:\/\/proxton.com.br\/Emagrecimento\/veja-por-que-perder-peso-e-dificil\/\">Por que perder peso \u00e9 dif\u00edcil?<\/a><\/li>\n<li><a href=\"https:\/\/proxton.com.br\/Emagrecimento\/conheca-os-top-7-inimigos-da-dieta\/\">Os Top 7 Inimigos da Dieta<\/a><\/li>\n\n\t<\/ul>\n\t<h2 id=\"201812\"><a href=\"https:\/\/proxton.com.br\/Emagrecimento\/2018\/12\/\">dezembro 2018<\/a><\/h2>\n\t<ul class=\"archive-list\">\n\t\t<li><a href=\"https:\/\/proxton.com.br\/Emagrecimento\/conheca-5-alimentos-que-ajudam-a-emagrecer\/\">Conhe\u00e7a 5 Alimentos que ajudam a Emagrecer<\/a><\/li>\n\n\t<\/ul>\n<\/div>\n\n","protected":false},"excerpt":{"rendered":"","protected":false},"author":1,"featured_media":0,"parent":0,"menu_order":0,"comment_status":"closed","ping_status":"closed","template":"","meta":{"_monsterinsights_skip_tracking":false,"_monsterinsights_sitenote_active":false,"_monsterinsights_sitenote_note":"","_monsterinsights_sitenote_category":0,"footnotes":""},"class_list":["entry","author-ritamara-quionha","post-136","page","type-page","status-publish"],"yoast_head":"<!-- This site is optimized with the Yoast SEO plugin v26.9 - https:\/\/yoast.com\/product\/yoast-seo-wordpress\/ -->\n<title>Arquivos<\/title>\n<meta name=\"robots\" content=\"index, follow, max-snippet:-1, max-image-preview:large, max-video-preview:-1\" \/>\n<link rel=\"canonical\" href=\"https:\/\/proxton.com.br\/Emagrecimento\/arquivos\/\" \/>\n<meta property=\"og:locale\" content=\"pt_BR\" \/>\n<meta property=\"og:type\" content=\"article\" \/>\n<meta property=\"og:title\" content=\"Arquivos\" \/>\n<meta property=\"og:url\" content=\"https:\/\/proxton.com.br\/Emagrecimento\/arquivos\/\" \/>\n<meta property=\"og:site_name\" content=\"Proxton Emagrecimento\" \/>\n<meta property=\"article:publisher\" content=\"https:\/\/www.facebook.com\/proxton\/\" \/>\n<meta name=\"twitter:card\" content=\"summary_large_image\" \/>\n<script type=\"application\/ld+json\" class=\"yoast-schema-graph\">{\"@context\":\"https:\/\/schema.org\",\"@graph\":[{\"@type\":\"WebPage\",\"@id\":\"https:\/\/proxton.com.br\/Emagrecimento\/arquivos\/\",\"url\":\"https:\/\/proxton.com.br\/Emagrecimento\/arquivos\/\",\"name\":\"Arquivos\",\"isPartOf\":{\"@id\":\"https:\/\/proxton.com.br\/Emagrecimento\/#website\"},\"datePublished\":\"2019-01-09T20:37:08+00:00\",\"breadcrumb\":{\"@id\":\"https:\/\/proxton.com.br\/Emagrecimento\/arquivos\/#breadcrumb\"},\"inLanguage\":\"pt-BR\",\"potentialAction\":[{\"@type\":\"ReadAction\",\"target\":[\"https:\/\/proxton.com.br\/Emagrecimento\/arquivos\/\"]}]},{\"@type\":\"BreadcrumbList\",\"@id\":\"https:\/\/proxton.com.br\/Emagrecimento\/arquivos\/#breadcrumb\",\"itemListElement\":[{\"@type\":\"ListItem\",\"position\":1,\"name\":\"In\u00edcio\",\"item\":\"https:\/\/proxton.com.br\/Emagrecimento\/\"},{\"@type\":\"ListItem\",\"position\":2,\"name\":\"Arquivos\"}]},{\"@type\":\"WebSite\",\"@id\":\"https:\/\/proxton.com.br\/Emagrecimento\/#website\",\"url\":\"https:\/\/proxton.com.br\/Emagrecimento\/\",\"name\":\"Proxton Emagrecimento\",\"description\":\"Emagrecimento\",\"potentialAction\":[{\"@type\":\"SearchAction\",\"target\":{\"@type\":\"EntryPoint\",\"urlTemplate\":\"https:\/\/proxton.com.br\/Emagrecimento\/?s={search_term_string}\"},\"query-input\":{\"@type\":\"PropertyValueSpecification\",\"valueRequired\":true,\"valueName\":\"search_term_string\"}}],\"inLanguage\":\"pt-BR\"}]}<\/script>\n<!-- \/ Yoast SEO plugin. -->","yoast_head_json":{"title":"Arquivos","robots":{"index":"index","follow":"follow","max-snippet":"max-snippet:-1","max-image-preview":"max-image-preview:large","max-video-preview":"max-video-preview:-1"},"canonical":"https:\/\/proxton.com.br\/Emagrecimento\/arquivos\/","og_locale":"pt_BR","og_type":"article","og_title":"Arquivos","og_url":"https:\/\/proxton.com.br\/Emagrecimento\/arquivos\/","og_site_name":"Proxton Emagrecimento","article_publisher":"https:\/\/www.facebook.com\/proxton\/","twitter_card":"summary_large_image","schema":{"@context":"https:\/\/schema.org","@graph":[{"@type":"WebPage","@id":"https:\/\/proxton.com.br\/Emagrecimento\/arquivos\/","url":"https:\/\/proxton.com.br\/Emagrecimento\/arquivos\/","name":"Arquivos","isPartOf":{"@id":"https:\/\/proxton.com.br\/Emagrecimento\/#website"},"datePublished":"2019-01-09T20:37:08+00:00","breadcrumb":{"@id":"https:\/\/proxton.com.br\/Emagrecimento\/arquivos\/#breadcrumb"},"inLanguage":"pt-BR","potentialAction":[{"@type":"ReadAction","target":["https:\/\/proxton.com.br\/Emagrecimento\/arquivos\/"]}]},{"@type":"BreadcrumbList","@id":"https:\/\/proxton.com.br\/Emagrecimento\/arquivos\/#breadcrumb","itemListElement":[{"@type":"ListItem","position":1,"name":"In\u00edcio","item":"https:\/\/proxton.com.br\/Emagrecimento\/"},{"@type":"ListItem","position":2,"name":"Arquivos"}]},{"@type":"WebSite","@id":"https:\/\/proxton.com.br\/Emagrecimento\/#website","url":"https:\/\/proxton.com.br\/Emagrecimento\/","name":"Proxton Emagrecimento","description":"Emagrecimento","potentialAction":[{"@type":"SearchAction","target":{"@type":"EntryPoint","urlTemplate":"https:\/\/proxton.com.br\/Emagrecimento\/?s={search_term_string}"},"query-input":{"@type":"PropertyValueSpecification","valueRequired":true,"valueName":"search_term_string"}}],"inLanguage":"pt-BR"}]}},"_links":{"self":[{"href":"https:\/\/proxton.com.br\/Emagrecimento\/wp-json\/wp\/v2\/pages\/136","targetHints":{"allow":["GET"]}}],"collection":[{"href":"https:\/\/proxton.com.br\/Emagrecimento\/wp-json\/wp\/v2\/pages"}],"about":[{"href":"https:\/\/proxton.com.br\/Emagrecimento\/wp-json\/wp\/v2\/types\/page"}],"author":[{"embeddable":true,"href":"https:\/\/proxton.com.br\/Emagrecimento\/wp-json\/wp\/v2\/users\/1"}],"replies":[{"embeddable":true,"href":"https:\/\/proxton.com.br\/Emagrecimento\/wp-json\/wp\/v2\/comments?post=136"}],"version-history":[{"count":1,"href":"https:\/\/proxton.com.br\/Emagrecimento\/wp-json\/wp\/v2\/pages\/136\/revisions"}],"predecessor-version":[{"id":137,"href":"https:\/\/proxton.com.br\/Emagrecimento\/wp-json\/wp\/v2\/pages\/136\/revisions\/137"}],"wp:attachment":[{"href":"https:\/\/proxton.com.br\/Emagrecimento\/wp-json\/wp\/v2\/media?parent=136"}],"curies":[{"name":"wp","href":"https:\/\/api.w.org\/{rel}","templated":true}]}}